{"id":68,"date":"2015-09-22T13:02:02","date_gmt":"2015-09-22T13:02:02","guid":{"rendered":"http:\/\/jnpontbriand.com\/?page_id=68"},"modified":"2021-09-27T21:29:29","modified_gmt":"2021-09-27T21:29:29","slug":"jean-noel-pontbriand-ecrivain-interventions","status":"publish","type":"page","link":"https:\/\/jnpontbriand.com\/index.php\/jean-noel-pontbriand-ecrivain-interventions\/","title":{"rendered":"Interventions"},"content":{"rendered":"<p><strong>Cet onglet renvoie \u00e0 des conf\u00e9rences, articles de revue, pr\u00e9sentation lors de colloque, etc.<\/strong><\/p>\n<hr>\n<p>&#8230; \u00ab Depuis longtemps j\u2019avais d\u00e9couvert l\u2019existence de la po\u00e9sie, et j\u2019adorais en lire. Surtout \u00e0 cause de l\u2019effet que cette lecture produisait sur mon \u00eatre, m\u00eame si j\u2019\u00e9tais incapable d\u2019expliquer le rapport qui existait entre cette lecture et cet \u00eatre.\u00bb<\/p>\n<p>Ci-joint le texte intitul\u00e9 \u00ab <a href=\"http:\/\/jnpontbriand.com\/wp-content\/uploads\/2016\/06\/Le-poeme-en-son-lieu.pdf\" target=\"_blank\" rel=\"noopener\">Le po\u00e8me en son lieu<\/a> \u00bb<\/p>\n<hr>\n<p>\u00ab Depuis <strong><em>l\u2019invention<\/em><\/strong> de la modernit\u00e9 et de la mondialisation, la terre, semble-t-il, ne tourne plus autour du soleil, mais de l\u2019utopie. Tout est possible. Suffit d\u2019y penser et, surtout, de trouver un chercheur, il y en a tellement qu\u2019on ne sait plus quoi faire avec, qui avalise l\u2019hypoth\u00e8se. Imm\u00e9diatement cette derni\u00e8re devient v\u00e9rit\u00e9, voire m\u00eame dogme auquel il faut adh\u00e9rer quasi sous peine d\u2019excommunication.\u00bb<\/p>\n<p>Ci-joint le texte intitul\u00e9 <a href=\"http:\/\/jnpontbriand.com\/wp-content\/uploads\/2016\/06\/Lorsque-les-aveugles....pdf\" target=\"_blank\" rel=\"noopener\">\u00ab Lorsque les aveugles se prennent pour des voyants \u00bb<\/a><\/p>\n<hr>\n<p>Le texte suivant est une intervention que j&rsquo;ai faite lors d&rsquo;un colloque, en 2012, portant sur la cr\u00e9ation \u00e0 l&rsquo;universit\u00e9. Il est paru dans un livre reproduisant la conf\u00e9rence de chacun des intervenants qui participaient \u00e0 ce colloque : Portrait de l&rsquo;artiste en intellectuel, \u00c9ditions Nota Bene, pp.&nbsp; 73-98<\/p>\n<p>Ci-joint le texte intitul\u00e9 <em><a href=\"http:\/\/jnpontbriand.com\/wp-content\/uploads\/2015\/09\/artiste_donc-intellectuel.pdf\" target=\"_blank\" rel=\"noopener\">\u00ab Artiste, donc intellectuel? \u00bb<\/a><\/em> (PDF, 21 pages, 184 Ko)<\/p>\n<hr>\n<p>&#8230; \u00ab Quelle ne fut pas ma surprise, alors que j\u2019\u00e9tais plant\u00e9 devant le rayon consacr\u00e9 \u00e0 la po\u00e9sie; oh, pas grand-chose, quelques petites plaquettes qui grelottaient de solitude dans l\u2019\u00e9troit r\u00e9duit que le libraire leur avait r\u00e9serv\u00e9, de voir surgir un chat. Ce chat sortait d\u2019un sac on ne peut plus \u00e0 la mode : la petite pol\u00e9mique que se livrent, en catimini, th\u00e9oriciens et cr\u00e9ateurs, principalement po\u00e8tes, pour savoir lequel se nourrit de l\u2019autre.\u00bb<\/p>\n<p>Ci-joint le texte intitul\u00e9 <a href=\"http:\/\/jnpontbriand.com\/wp-content\/uploads\/2016\/11\/Autour-de-l_anthologie-_V2.doc\">\u00ab Autour de l\u2019anthologie : science po\u00e9sie \u00bb<\/a>.<\/p>\n<hr>\n<p>&#8230; \u00ab Le th\u00e8me retenu par le grand \u00e9crivain qui avait d\u00fb se d\u00e9sister, et que je devais remplacer, du bout des l\u00e8vres et au pied lev\u00e9, \u00e9tait celui du leurre. Au lieu d\u2019\u00e9crire un texte qui, comme tout texte litt\u00e9raire, serait un leurre qu\u2019un lecteur \u00abexp\u00e9riment\u00e9\u00bb peut transformer en r\u00e9alit\u00e9, il d\u00e9cida de passer aux actes, devenant lui-m\u00eame un leurre dont la revue dut, bien malgr\u00e9 elle, se contenter.<br \/>\nComment traiter du leurre sans perdre mon \u00e9quilibre psychique ? \u00bb<\/p>\n<p>Ci-joint le texte intitul\u00e9 \u00ab <a href=\"http:\/\/jnpontbriand.com\/wp-content\/uploads\/2016\/02\/LES-LEURRES.pdf\" target=\"_blank\" rel=\"noopener\">LES LEURRES<\/a> \u00bb<\/p>\n<hr>\n<p>&#8230; \u00ab Cela revient, en r\u00e9alit\u00e9, \u00e0 affirmer que la science c\u2019est de la cr\u00e9ation. Je veux bien, mais \u00e0 condition de donner au mot cr\u00e9ation une signification bien particuli\u00e8re, qu\u2019il faut pr\u00e9ciser. Ce que Fontaine n\u2019a pas pris le temps de faire, probablement parce qu\u2019il ne voyait m\u00eame pas la possible question soulev\u00e9e par son affirmation.\u00bb<\/p>\n<p>Ci-joint le texte intitul\u00e9 \u00ab <a href=\"http:\/\/jnpontbriand.com\/wp-content\/uploads\/2016\/02\/La-creation.pdf\" target=\"_blank\" rel=\"noopener\">La cr\u00e9ation qui cr\u00e9e et celle qui invente<\/a> \u00bb<\/p>\n<hr>\n<p>&nbsp;<\/p>\n<p><strong>&nbsp;<\/strong><\/p>\n","protected":false},"excerpt":{"rendered":"<p>Cet onglet renvoie \u00e0 des conf\u00e9rences, articles de revue, pr\u00e9sentation lors de colloque, etc. &#8230; \u00ab Depuis longtemps j\u2019avais d\u00e9couvert l\u2019existence de la po\u00e9sie, et j\u2019adorais en lire. Surtout \u00e0 cause de l\u2019effet que cette lecture produisait sur mon \u00eatre, m\u00eame si j\u2019\u00e9tais incapable d\u2019expliquer le rapport qui existait entre&hellip; <\/p>\n","protected":false},"author":1,"featured_media":0,"parent":0,"menu_order":0,"comment_status":"closed","ping_status":"closed","template":"","meta":{"footnotes":""},"class_list":["post-68","page","type-page","status-publish","hentry"],"_links":{"self":[{"href":"https:\/\/jnpontbriand.com\/index.php\/wp-json\/wp\/v2\/pages\/68","targetHints":{"allow":["GET"]}}],"collection":[{"href":"https:\/\/jnpontbriand.com\/index.php\/wp-json\/wp\/v2\/pages"}],"about":[{"href":"https:\/\/jnpontbriand.com\/index.php\/wp-json\/wp\/v2\/types\/page"}],"author":[{"embeddable":true,"href":"https:\/\/jnpontbriand.com\/index.php\/wp-json\/wp\/v2\/users\/1"}],"replies":[{"embeddable":true,"href":"https:\/\/jnpontbriand.com\/index.php\/wp-json\/wp\/v2\/comments?post=68"}],"version-history":[{"count":42,"href":"https:\/\/jnpontbriand.com\/index.php\/wp-json\/wp\/v2\/pages\/68\/revisions"}],"predecessor-version":[{"id":307,"href":"https:\/\/jnpontbriand.com\/index.php\/wp-json\/wp\/v2\/pages\/68\/revisions\/307"}],"wp:attachment":[{"href":"https:\/\/jnpontbriand.com\/index.php\/wp-json\/wp\/v2\/media?parent=68"}],"curies":[{"name":"wp","href":"https:\/\/api.w.org\/{rel}","templated":true}]}}