{"id":50,"date":"2015-09-16T17:56:36","date_gmt":"2015-09-16T17:56:36","guid":{"rendered":"http:\/\/jnpontbriand.com\/?page_id=50"},"modified":"2021-09-27T21:19:24","modified_gmt":"2021-09-27T21:19:24","slug":"poesie","status":"publish","type":"page","link":"https:\/\/jnpontbriand.com\/index.php\/poesie\/","title":{"rendered":"Po\u00e9sie"},"content":{"rendered":"<p style=\"text-align: left;\"><strong><div id=\"metaslider-id-108\" style=\"max-width: 200px;\" class=\"ml-slider-3-97-0 metaslider metaslider-flex metaslider-108 ml-slider ms-theme-default\" role=\"region\" aria-roledescription=\"Slideshow\" aria-label=\"Po\u00e9sie\" data-width=\"200\">\n    <div id=\"metaslider_container_108\">\n        <div id=\"metaslider_108\">\n            <ul class='slides'>\n                <li style=\"display: block; width: 100%;\" class=\"slide-96 ms-image \" aria-roledescription=\"slide\" aria-label=\"slide-96\" data-date=\"2015-10-08 20:25:35\"><img loading=\"lazy\" decoding=\"async\" src=\"https:\/\/jnpontbriand.com\/wp-content\/uploads\/2015\/10\/Lieux-passages-200x280.jpg\" height=\"280\" width=\"200\" alt=\"\" class=\"slider-108 slide-96\" \/><\/li>\n                <li style=\"display: none; width: 100%;\" class=\"slide-113 ms-image \" aria-roledescription=\"slide\" aria-label=\"slide-113\" data-date=\"2015-10-08 21:54:09\"><img loading=\"lazy\" decoding=\"async\" src=\"https:\/\/jnpontbriand.com\/wp-content\/uploads\/2015\/10\/De-terre-et-de-feu-copie-200x280.jpg\" height=\"280\" width=\"200\" alt=\"\" class=\"slider-108 slide-113\" \/><\/li>\n                <li style=\"display: none; width: 100%;\" class=\"slide-112 ms-image \" aria-roledescription=\"slide\" aria-label=\"slide-112\" data-date=\"2015-10-08 21:53:32\"><img loading=\"lazy\" decoding=\"async\" src=\"https:\/\/jnpontbriand.com\/wp-content\/uploads\/2015\/10\/Re\u0301sonnances001-200x280.jpg\" height=\"280\" width=\"200\" alt=\"\" class=\"slider-108 slide-112\" \/><\/li>\n                <li style=\"display: none; width: 100%;\" class=\"slide-110 ms-image \" aria-roledescription=\"slide\" aria-label=\"slide-110\" data-date=\"2015-10-08 21:32:36\"><img loading=\"lazy\" decoding=\"async\" src=\"https:\/\/jnpontbriand.com\/wp-content\/uploads\/2015\/10\/Il-e\u0301tait-une-voix-200x280.jpg\" height=\"280\" width=\"200\" alt=\"\" class=\"slider-108 slide-110\" \/><\/li>\n                <li style=\"display: none; width: 100%;\" class=\"slide-94 ms-image \" aria-roledescription=\"slide\" aria-label=\"slide-94\" data-date=\"2015-10-08 20:22:17\"><img loading=\"lazy\" decoding=\"async\" src=\"https:\/\/jnpontbriand.com\/wp-content\/uploads\/2015\/10\/ilNU-200x280.jpg\" height=\"280\" width=\"200\" alt=\"\" class=\"slider-108 slide-94\" \/><\/li>\n                <li style=\"display: none; width: 100%;\" class=\"slide-90 ms-image \" aria-roledescription=\"slide\" aria-label=\"slide-90\" data-date=\"2015-10-08 20:20:53\"><img loading=\"lazy\" decoding=\"async\" src=\"https:\/\/jnpontbriand.com\/wp-content\/uploads\/2015\/10\/E\u0301phe\u0301me\u0301rides-200x280.jpg\" height=\"280\" width=\"200\" alt=\"\" class=\"slider-108 slide-90\" \/><\/li>\n            <\/ul>\n        <\/div>\n        \n    <\/div>\n<\/div><\/strong><\/p>\n<p style=\"text-align: left;\"><strong>\u00c9ph\u00e9m\u00e9rides<br \/>\n<\/strong>\u00c9ditions du Noro\u00eet, 1982<strong><br \/>\n<\/strong><em><a href=\"http:\/\/jnpontbriand.com\/wp-content\/uploads\/2015\/10\/E\u0301phe\u0301me\u0301rides_Extraits.pdf\" target=\"_blank\" rel=\"noopener\">Quelques extraits tir\u00e9s de <\/a><\/em><a href=\"http:\/\/jnpontbriand.com\/wp-content\/uploads\/2015\/10\/E\u0301phe\u0301me\u0301rides_Extraits.pdf\" target=\"_blank\" rel=\"noopener\">\u00c9ph\u00e9m\u00e9rides<\/a><\/p>\n<p style=\"text-align: left;\"><strong>L&rsquo;IL NU &nbsp; la ville&nbsp;&nbsp; l&rsquo;agonie<\/strong><br \/>\n\u00c9ditions du Noro\u00eet, 1989<strong><br \/>\n<\/strong><em><a href=\"http:\/\/jnpontbriand.com\/wp-content\/uploads\/2015\/10\/Extraits_L_Il-NU.pdf\" target=\"_blank\" rel=\"noopener\">Quelques extraits tir\u00e9s de <\/a><\/em><a href=\"http:\/\/jnpontbriand.com\/wp-content\/uploads\/2015\/10\/Extraits_L_Il-NU.pdf\" target=\"_blank\" rel=\"noopener\">L&rsquo;IL NU<\/a><\/p>\n<p style=\"text-align: left;\"><strong>Lieux &#8211; Passages<br \/>\n<\/strong>\u00c9ditions du Noro\u00eet, 1991<br \/>\n<em><a href=\"http:\/\/jnpontbriand.com\/wp-content\/uploads\/2015\/10\/Extrait-1_Lieux-Passages.pdf\" target=\"_blank\" rel=\"noopener\">Extrait 1 de <\/a><\/em><a href=\"http:\/\/jnpontbriand.com\/wp-content\/uploads\/2015\/10\/Extrait-1_Lieux-Passages.pdf\" target=\"_blank\" rel=\"noopener\">Lieux-Passages<\/a><br \/>\n<em> <a href=\"http:\/\/jnpontbriand.com\/wp-content\/uploads\/2015\/10\/Extrait-2_Lieux-Passages.pdf\" target=\"_blank\" rel=\"noopener\">Extrait 2<\/a><a href=\"http:\/\/jnpontbriand.com\/wp-content\/uploads\/2015\/10\/Extrait-1_Lieux-Passages.pdf\" target=\"_blank\" rel=\"noopener\"> de <\/a><\/em><a href=\"http:\/\/jnpontbriand.com\/wp-content\/uploads\/2015\/10\/Extrait-1_Lieux-Passages.pdf\" target=\"_blank\" rel=\"noopener\">Lieux-Passages<\/a><br \/>\n<em> <a href=\"http:\/\/jnpontbriand.com\/wp-content\/uploads\/2015\/10\/Extrait-3_Lieux-Passages.pdf\" target=\"_blank\" rel=\"noopener\">Extrait 3<\/a><a href=\"http:\/\/jnpontbriand.com\/wp-content\/uploads\/2015\/10\/Extrait-1_Lieux-Passages.pdf\" target=\"_blank\" rel=\"noopener\"> de <\/a><\/em><a href=\"http:\/\/jnpontbriand.com\/wp-content\/uploads\/2015\/10\/Extrait-1_Lieux-Passages.pdf\" target=\"_blank\" rel=\"noopener\">Lieux-Passages<\/a><\/p>\n<p style=\"text-align: left;\"><strong>Il \u00e9tait une voix <\/strong>suivi de<strong> Jack K\u00e9rouac blues<br \/>\n<\/strong>\u00c9crits des Forges, 1992<strong><br \/>\n<\/strong><a href=\"http:\/\/jnpontbriand.com\/wp-content\/uploads\/2015\/10\/Il-e\u0301tait-une-voix_extrait.pdf\" target=\"_blank\" rel=\"noopener\"><em>Extrait de<\/em> Il \u00e9tait une voix<strong><br \/>\n<\/strong><\/a><a href=\"http:\/\/jnpontbriand.com\/wp-content\/uploads\/2015\/10\/JACK-KE\u0301ROUAC-BLUES_extrait.pdf\" target=\"_blank\" rel=\"noopener\"><em>Extrait de<\/em> Jack K\u00e9rouac Blues<\/a><\/p>\n<p style=\"text-align: left;\"><strong>Origines<\/strong><strong><br \/>\n<\/strong>\u00c9ditions du Noro\u00eet, 1994<br \/>\n<a href=\"http:\/\/jnpontbriand.com\/wp-content\/uploads\/2015\/11\/Extraits_Origines.pdf\" target=\"_blank\" rel=\"noopener\"><em>Quelques extraits tir\u00e9s de<\/em> Origines<\/a><\/p>\n<p style=\"text-align: left;\"><strong>R\u00e9sonnances<\/strong><strong><br \/>\n<\/strong>\u00c9ditions du Noro\u00eet, 1998<strong><br \/>\n<\/strong><a href=\"http:\/\/jnpontbriand.com\/wp-content\/uploads\/2015\/10\/Extraits_Resonnance.pdf\" target=\"_blank\" rel=\"noopener\"><em>Quelques extraits tir\u00e9s de<\/em> R\u00e9sonnances<\/a><\/p>\n<p style=\"text-align: left;\"><strong>De terre et de feu<\/strong><strong><br \/>\n<\/strong>\u00c9crits des Forges, 2002<strong><br \/>\n<\/strong><a href=\"http:\/\/jnpontbriand.com\/wp-content\/uploads\/2015\/10\/Extraits_De-terre-et-de-feu.pdf\" target=\"_blank\" rel=\"noopener\"><em>Quelques extraits tir\u00e9s de <\/em>De terre et de feu<\/a><\/p>\n<p style=\"text-align: left;\"><strong>Naissances<\/strong><strong><br \/>\n<\/strong>\u00c9crits des Forges, 2015<strong><br \/>\n<\/strong><a href=\"http:\/\/jnpontbriand.com\/wp-content\/uploads\/2015\/11\/Naissances_Extraits.pdf\" target=\"_blank\" rel=\"noopener\"><em>Quelques extraits tir\u00e9s de<\/em> Naissances<em><strong><br \/>\n<\/strong><\/em><\/a><\/p>\n","protected":false},"excerpt":{"rendered":"<p>\u00c9ph\u00e9m\u00e9rides \u00c9ditions du Noro\u00eet, 1982 Quelques extraits tir\u00e9s de \u00c9ph\u00e9m\u00e9rides L&rsquo;IL NU &nbsp; la ville&nbsp;&nbsp; l&rsquo;agonie \u00c9ditions du Noro\u00eet, 1989 Quelques extraits tir\u00e9s de L&rsquo;IL NU Lieux &#8211; Passages \u00c9ditions du Noro\u00eet, 1991 Extrait 1 de Lieux-Passages Extrait 2 de Lieux-Passages Extrait 3 de Lieux-Passages Il \u00e9tait une voix suivi&hellip; <\/p>\n","protected":false},"author":1,"featured_media":0,"parent":0,"menu_order":0,"comment_status":"closed","ping_status":"closed","template":"","meta":{"footnotes":""},"class_list":["post-50","page","type-page","status-publish","hentry"],"_links":{"self":[{"href":"https:\/\/jnpontbriand.com\/index.php\/wp-json\/wp\/v2\/pages\/50","targetHints":{"allow":["GET"]}}],"collection":[{"href":"https:\/\/jnpontbriand.com\/index.php\/wp-json\/wp\/v2\/pages"}],"about":[{"href":"https:\/\/jnpontbriand.com\/index.php\/wp-json\/wp\/v2\/types\/page"}],"author":[{"embeddable":true,"href":"https:\/\/jnpontbriand.com\/index.php\/wp-json\/wp\/v2\/users\/1"}],"replies":[{"embeddable":true,"href":"https:\/\/jnpontbriand.com\/index.php\/wp-json\/wp\/v2\/comments?post=50"}],"version-history":[{"count":44,"href":"https:\/\/jnpontbriand.com\/index.php\/wp-json\/wp\/v2\/pages\/50\/revisions"}],"predecessor-version":[{"id":305,"href":"https:\/\/jnpontbriand.com\/index.php\/wp-json\/wp\/v2\/pages\/50\/revisions\/305"}],"wp:attachment":[{"href":"https:\/\/jnpontbriand.com\/index.php\/wp-json\/wp\/v2\/media?parent=50"}],"curies":[{"name":"wp","href":"https:\/\/api.w.org\/{rel}","templated":true}]}}