{"id":46,"date":"2015-08-21T18:07:41","date_gmt":"2015-08-21T18:07:41","guid":{"rendered":"http:\/\/jnpontbriand.com\/?page_id=46"},"modified":"2021-09-27T21:20:44","modified_gmt":"2021-09-27T21:20:44","slug":"recits","status":"publish","type":"page","link":"https:\/\/jnpontbriand.com\/index.php\/recits\/","title":{"rendered":"R\u00e9cits"},"content":{"rendered":"<p><a href=\"http:\/\/jnpontbriand.com\/wp-content\/uploads\/2015\/08\/livre_vous_serez.jpg\"><img loading=\"lazy\" decoding=\"async\" class=\" size-medium wp-image-32 alignleft\" src=\"http:\/\/jnpontbriand.com\/wp-content\/uploads\/2015\/08\/livre_vous_serez-193x300.jpg\" alt=\"livre_vous_serez\" width=\"193\" height=\"300\" srcset=\"https:\/\/jnpontbriand.com\/wp-content\/uploads\/2015\/08\/livre_vous_serez-193x300.jpg 193w, https:\/\/jnpontbriand.com\/wp-content\/uploads\/2015\/08\/livre_vous_serez.jpg 288w\" sizes=\"auto, (max-width: 193px) 100vw, 193px\" \/><\/a>Vous serez comme des dieux | <em>R\u00e9cit<\/em>, 2008. 170 p.<br \/>\nISBN 978-2-921707-22-0<\/p>\n<p><strong>R\u00e9sum\u00e9 : <\/strong>Ce r\u00e9cit rapporte la d\u00e9marche propre \u00e0 celui qui, autrefois, se laissait conduire vers les hautes sph\u00e8res de la vocation religieuse. Un document qui rend compte des obsessions ber\u00e7ant ceux qui avaient accept\u00e9 de \u00ab suivre nu le Christ nu \u00bb.<\/p>\n<p><a href=\"http:\/\/jnpontbriand.com\/wp-content\/uploads\/2015\/10\/VousSerez_Extrait_p3-p18.pdf\" target=\"_blank\" rel=\"noopener\"><em>Extrait 1 &#8211; p. 3-18<\/em> (PDF, 60k)<\/a><br \/>\n<a href=\"http:\/\/jnpontbriand.com\/wp-content\/uploads\/2015\/10\/VousSerez_Extrait_p26-p40.pdf\"><em>Extrait 2 &#8211; p. 26-40<\/em> (PDF, 60k)<\/a><br \/>\n<a href=\"http:\/\/jnpontbriand.com\/wp-content\/uploads\/2015\/10\/VousSerez_Extrait_p90-p104.pdf\" target=\"_blank\" rel=\"noopener\"><em>Extrait 3 &#8211; p. 90-104<\/em> (PDF, 60k)<\/a><br \/>\n<a href=\"http:\/\/jnpontbriand.com\/wp-content\/uploads\/2015\/10\/VousSerez_Extrait_p153-p164.pdf\" target=\"_blank\" rel=\"noopener\"><em>Extrait 4 &#8211; p. 153-164<\/em> (PDF, 60k)<\/a><\/p>\n<p>&nbsp;<\/p>\n<p>&nbsp;<\/p>\n<p>&nbsp;<\/p>\n<p>&nbsp;<\/p>\n<p><a href=\"http:\/\/jnpontbriand.com\/wp-content\/uploads\/2015\/08\/livre_taches_naissance.jpg\"><img loading=\"lazy\" decoding=\"async\" class=\" size-full wp-image-33 alignleft\" src=\"http:\/\/jnpontbriand.com\/wp-content\/uploads\/2015\/08\/livre_taches_naissance.jpg\" alt=\"livre_taches_naissance\" width=\"180\" height=\"268\"><\/a>Taches de naissance | <em>R\u00e9cit<\/em>, 2005. 157 p.<br \/>\nISBN 2-921707-20-9<\/p>\n<p><strong>R\u00e9sum\u00e9 : <\/strong>Un r\u00e9cit libre dans lequel l\u2019auteur se laisse interpeller par les grandes questions qui tissent chacune de nos vies.<\/p>\n<p><a href=\"http:\/\/jnpontbriand.com\/wp-content\/uploads\/2015\/10\/Extrait_Taches-de-naissance_41-51.pdf\" target=\"_blank\" rel=\"noopener\"><em>Extrait 1 &#8211; p. 41-51<\/em> (PDF, 74 ko)<\/a><a href=\"http:\/\/jnpontbriand.com\/wp-content\/uploads\/2015\/10\/Les-mots_Extrait-p56-63.pdf\" target=\"_blank\" rel=\"noopener\"><br \/>\n<\/a><a href=\"http:\/\/jnpontbriand.com\/wp-content\/uploads\/2015\/10\/Extrait_Taches-de-naissance_93-104.pdf\" target=\"_blank\" rel=\"noopener\"><em>Extrait 2 &#8211; p. 94-104<\/em> (PDF, 78 ko)<\/a><\/p>\n<p>&nbsp;<\/p>\n<p>&nbsp;<\/p>\n<p>&nbsp;<\/p>\n","protected":false},"excerpt":{"rendered":"<p>Vous serez comme des dieux | R\u00e9cit, 2008. 170 p. ISBN 978-2-921707-22-0 R\u00e9sum\u00e9 : Ce r\u00e9cit rapporte la d\u00e9marche propre \u00e0 celui qui, autrefois, se laissait conduire vers les hautes sph\u00e8res de la vocation religieuse. Un document qui rend compte des obsessions ber\u00e7ant ceux qui avaient accept\u00e9 de \u00ab suivre&hellip; <\/p>\n","protected":false},"author":1,"featured_media":0,"parent":0,"menu_order":0,"comment_status":"closed","ping_status":"closed","template":"","meta":{"footnotes":""},"class_list":["post-46","page","type-page","status-publish","hentry"],"_links":{"self":[{"href":"https:\/\/jnpontbriand.com\/index.php\/wp-json\/wp\/v2\/pages\/46","targetHints":{"allow":["GET"]}}],"collection":[{"href":"https:\/\/jnpontbriand.com\/index.php\/wp-json\/wp\/v2\/pages"}],"about":[{"href":"https:\/\/jnpontbriand.com\/index.php\/wp-json\/wp\/v2\/types\/page"}],"author":[{"embeddable":true,"href":"https:\/\/jnpontbriand.com\/index.php\/wp-json\/wp\/v2\/users\/1"}],"replies":[{"embeddable":true,"href":"https:\/\/jnpontbriand.com\/index.php\/wp-json\/wp\/v2\/comments?post=46"}],"version-history":[{"count":15,"href":"https:\/\/jnpontbriand.com\/index.php\/wp-json\/wp\/v2\/pages\/46\/revisions"}],"predecessor-version":[{"id":306,"href":"https:\/\/jnpontbriand.com\/index.php\/wp-json\/wp\/v2\/pages\/46\/revisions\/306"}],"wp:attachment":[{"href":"https:\/\/jnpontbriand.com\/index.php\/wp-json\/wp\/v2\/media?parent=46"}],"curies":[{"name":"wp","href":"https:\/\/api.w.org\/{rel}","templated":true}]}}