{"id":2,"date":"2015-08-19T18:35:58","date_gmt":"2015-08-19T18:35:58","guid":{"rendered":"http:\/\/jnpontbriand.com\/?page_id=2"},"modified":"2021-09-27T21:22:07","modified_gmt":"2021-09-27T21:22:07","slug":"bienvenue-jean-noel-pontbriand","status":"publish","type":"page","link":"https:\/\/jnpontbriand.com\/","title":{"rendered":"Bienvenue"},"content":{"rendered":"<p><a href=\"http:\/\/jnpontbriand.com\/wp-content\/uploads\/2015\/08\/JNP-site.jpg\"><img loading=\"lazy\" decoding=\"async\" class=\"size-medium wp-image-62 alignright\" src=\"http:\/\/jnpontbriand.com\/wp-content\/uploads\/2015\/08\/JNP-site-300x201.jpg\" alt=\"JNP-site\" width=\"300\" height=\"201\" srcset=\"https:\/\/jnpontbriand.com\/wp-content\/uploads\/2015\/08\/JNP-site-300x201.jpg 300w, https:\/\/jnpontbriand.com\/wp-content\/uploads\/2015\/08\/JNP-site.jpg 480w\" sizes=\"auto, (max-width: 300px) 100vw, 300px\" \/><\/a>Vous \u00eates sur le site (en d\u00e9veloppement) de Jean-No\u00ebl Pontbriand, professeur-\u00e9crivain qui a pris sa retraite en 2012. Depuis, il se consacre enti\u00e8rement \u00e0 son travail d\u2019\u00e9crivain, tant en po\u00e9sie qu\u2019en prose&nbsp;: essai, r\u00e9cit.<\/p>\n<p>Professeur de cr\u00e9ation litt\u00e9raire durant trente ans \u00e0 l\u2019Universit\u00e9 Laval, son enseignement et sa cr\u00e9ation se sont concentr\u00e9s sur une approche de la parole comme manifestation autant de l\u2019homme que de l\u2019\u00eatre. Le probl\u00e8me de l\u2019inspiration (\u00e9criture automatique, selon Breton) est l\u2019un de ceux qui ont le plus retenus son attention. Pour lui, en effet, la parole ne vient pas de la raison mais de l\u2019\u00eatre. Ce qui n\u2019est possible que gr\u00e2ce \u00e0 une certaine inspiration qui, sans gommer la place de la conscience claire dans le processus d\u2019\u00e9criture, tente de donner la priorit\u00e9 \u00e0 l\u2019autre conscience que l\u2019on d\u00e9nomme g\u00e9n\u00e9ralement inconscient et \u00e0 qui il faut donner la priorit\u00e9 si on veut que notre discours devienne parole, lieu de manifestation et d\u2019\u00e9piphanie de l\u2019\u00eatre.<\/p>\n<p style=\"text-align: center;\"><strong><br \/>\nQuelques publications de Jean-No\u00ebl Pontbriand<\/strong><\/p>\n<p><center><div id=\"metaslider-id-153\" style=\"max-width: 200px;\" class=\"ml-slider-3-97-0 metaslider metaslider-flex metaslider-153 ml-slider ms-theme-default\" role=\"region\" aria-roledescription=\"Slideshow\" aria-label=\"Tous les livres\" data-width=\"200\">\n    <div id=\"metaslider_container_153\">\n        <div id=\"metaslider_153\">\n            <ul class='slides'>\n                <li style=\"display: block; width: 100%;\" class=\"slide-32 ms-image \" aria-roledescription=\"slide\" aria-label=\"slide-32\" data-date=\"2015-08-19 21:07:43\"><img loading=\"lazy\" decoding=\"async\" src=\"https:\/\/jnpontbriand.com\/wp-content\/uploads\/2015\/08\/livre_vous_serez-200x280.jpg\" height=\"280\" width=\"200\" alt=\"\" class=\"slider-153 slide-32\" \/><\/li>\n                <li style=\"display: none; width: 100%;\" class=\"slide-26 ms-image \" aria-roledescription=\"slide\" aria-label=\"slide-26\" data-date=\"2015-08-19 20:56:07\"><img loading=\"lazy\" decoding=\"async\" src=\"https:\/\/jnpontbriand.com\/wp-content\/uploads\/2015\/08\/livre_mots_decouvert-200x280.jpg\" height=\"280\" width=\"200\" alt=\"\" class=\"slider-153 slide-26\" \/><\/li>\n                <li style=\"display: none; width: 100%;\" class=\"slide-30 ms-image \" aria-roledescription=\"slide\" aria-label=\"slide-30\" data-date=\"2015-08-19 21:02:40\"><img loading=\"lazy\" decoding=\"async\" src=\"https:\/\/jnpontbriand.com\/wp-content\/uploads\/2015\/08\/les_voies-200x280.jpg\" height=\"280\" width=\"200\" alt=\"\" class=\"slider-153 slide-30\" \/><\/li>\n                <li style=\"display: none; width: 100%;\" class=\"slide-113 ms-image \" aria-roledescription=\"slide\" aria-label=\"slide-113\" data-date=\"2015-10-08 21:54:09\"><img loading=\"lazy\" decoding=\"async\" src=\"https:\/\/jnpontbriand.com\/wp-content\/uploads\/2015\/10\/De-terre-et-de-feu-copie-200x280.jpg\" height=\"280\" width=\"200\" alt=\"\" class=\"slider-153 slide-113\" \/><\/li>\n                <li style=\"display: none; width: 100%;\" class=\"slide-112 ms-image \" aria-roledescription=\"slide\" aria-label=\"slide-112\" data-date=\"2015-10-08 21:53:32\"><img loading=\"lazy\" decoding=\"async\" src=\"https:\/\/jnpontbriand.com\/wp-content\/uploads\/2015\/10\/Re\u0301sonnances001-200x280.jpg\" height=\"280\" width=\"200\" alt=\"\" class=\"slider-153 slide-112\" \/><\/li>\n                <li style=\"display: none; width: 100%;\" class=\"slide-110 ms-image \" aria-roledescription=\"slide\" aria-label=\"slide-110\" data-date=\"2015-10-08 21:32:36\"><img loading=\"lazy\" decoding=\"async\" src=\"https:\/\/jnpontbriand.com\/wp-content\/uploads\/2015\/10\/Il-e\u0301tait-une-voix-200x280.jpg\" height=\"280\" width=\"200\" alt=\"\" class=\"slider-153 slide-110\" \/><\/li>\n                <li style=\"display: none; width: 100%;\" class=\"slide-94 ms-image \" aria-roledescription=\"slide\" aria-label=\"slide-94\" data-date=\"2015-10-08 20:22:17\"><img loading=\"lazy\" decoding=\"async\" src=\"https:\/\/jnpontbriand.com\/wp-content\/uploads\/2015\/10\/ilNU-200x280.jpg\" height=\"280\" width=\"200\" alt=\"\" class=\"slider-153 slide-94\" \/><\/li>\n                <li style=\"display: none; width: 100%;\" class=\"slide-93 ms-image \" aria-roledescription=\"slide\" aria-label=\"slide-93\" data-date=\"2015-10-08 20:21:36\"><img loading=\"lazy\" decoding=\"async\" src=\"https:\/\/jnpontbriand.com\/wp-content\/uploads\/2015\/10\/E\u0301criture_expe\u0301rience-200x280.jpg\" height=\"280\" width=\"200\" alt=\"\" class=\"slider-153 slide-93\" \/><\/li>\n                <li style=\"display: none; width: 100%;\" class=\"slide-91 ms-image \" aria-roledescription=\"slide\" aria-label=\"slide-91\" data-date=\"2015-10-08 20:21:13\"><img loading=\"lazy\" decoding=\"async\" src=\"https:\/\/jnpontbriand.com\/wp-content\/uploads\/2015\/10\/E\u0301crire-200x280.jpg\" height=\"280\" width=\"200\" alt=\"\" class=\"slider-153 slide-91\" \/><\/li>\n                <li style=\"display: none; width: 100%;\" class=\"slide-90 ms-image \" aria-roledescription=\"slide\" aria-label=\"slide-90\" data-date=\"2015-10-08 20:20:53\"><img loading=\"lazy\" decoding=\"async\" src=\"https:\/\/jnpontbriand.com\/wp-content\/uploads\/2015\/10\/E\u0301phe\u0301me\u0301rides-200x280.jpg\" height=\"280\" width=\"200\" alt=\"\" class=\"slider-153 slide-90\" \/><\/li>\n                <li style=\"display: none; width: 100%;\" class=\"slide-33 ms-image \" aria-roledescription=\"slide\" aria-label=\"slide-33\" data-date=\"2015-08-19 21:08:49\"><img loading=\"lazy\" decoding=\"async\" src=\"https:\/\/jnpontbriand.com\/wp-content\/uploads\/2015\/08\/livre_taches_naissance-200x280.jpg\" height=\"280\" width=\"200\" alt=\"\" class=\"slider-153 slide-33\" \/><\/li>\n            <\/ul>\n        <\/div>\n        \n    <\/div>\n<\/div><\/center><\/p>\n","protected":false},"excerpt":{"rendered":"<p>Vous \u00eates sur le site (en d\u00e9veloppement) de Jean-No\u00ebl Pontbriand, professeur-\u00e9crivain qui a pris sa retraite en 2012. Depuis, il se consacre enti\u00e8rement \u00e0 son travail d\u2019\u00e9crivain, tant en po\u00e9sie qu\u2019en prose&nbsp;: essai, r\u00e9cit. Professeur de cr\u00e9ation litt\u00e9raire durant trente ans \u00e0 l\u2019Universit\u00e9 Laval, son enseignement et sa cr\u00e9ation se&hellip; <\/p>\n","protected":false},"author":1,"featured_media":0,"parent":0,"menu_order":0,"comment_status":"closed","ping_status":"closed","template":"","meta":{"footnotes":""},"class_list":["post-2","page","type-page","status-publish","hentry"],"_links":{"self":[{"href":"https:\/\/jnpontbriand.com\/index.php\/wp-json\/wp\/v2\/pages\/2","targetHints":{"allow":["GET"]}}],"collection":[{"href":"https:\/\/jnpontbriand.com\/index.php\/wp-json\/wp\/v2\/pages"}],"about":[{"href":"https:\/\/jnpontbriand.com\/index.php\/wp-json\/wp\/v2\/types\/page"}],"author":[{"embeddable":true,"href":"https:\/\/jnpontbriand.com\/index.php\/wp-json\/wp\/v2\/users\/1"}],"replies":[{"embeddable":true,"href":"https:\/\/jnpontbriand.com\/index.php\/wp-json\/wp\/v2\/comments?post=2"}],"version-history":[{"count":22,"href":"https:\/\/jnpontbriand.com\/index.php\/wp-json\/wp\/v2\/pages\/2\/revisions"}],"predecessor-version":[{"id":308,"href":"https:\/\/jnpontbriand.com\/index.php\/wp-json\/wp\/v2\/pages\/2\/revisions\/308"}],"wp:attachment":[{"href":"https:\/\/jnpontbriand.com\/index.php\/wp-json\/wp\/v2\/media?parent=2"}],"curies":[{"name":"wp","href":"https:\/\/api.w.org\/{rel}","templated":true}]}}