{"id":16,"date":"2015-08-19T20:44:10","date_gmt":"2015-08-19T20:44:10","guid":{"rendered":"http:\/\/jnpontbriand.com\/?page_id=16"},"modified":"2016-09-01T15:15:51","modified_gmt":"2016-09-01T15:15:51","slug":"ouvrages-publies","status":"publish","type":"page","link":"https:\/\/jnpontbriand.com\/index.php\/ouvrages-publies\/","title":{"rendered":"Essais"},"content":{"rendered":"<h5>Aux <a href=\"http:\/\/www.editionshuit.com\" target=\"_blank\">\u00c9ditions 8 : <\/a><\/h5>\n<p><a href=\"http:\/\/jnpontbriand.com\/wp-content\/uploads\/2015\/08\/livre_mots_decouvert.jpg\"><img loading=\"lazy\" decoding=\"async\" class=\" wp-image-26 alignright\" src=\"http:\/\/jnpontbriand.com\/wp-content\/uploads\/2015\/08\/livre_mots_decouvert-200x300.jpg\" alt=\"livre_mots_decouvert\" width=\"183\" height=\"259\" \/><\/a><br \/>\n<strong>Les mots \u00e0 d\u00e9couvert<\/strong> | <em>Essai<\/em>, 2004. 227 p.<br \/>\nISBN 2-921707-16-0<br \/>\n<strong>R\u00e9sum\u00e9 :\u00a0<\/strong>Cet ouvrage pr\u00e9cise la relation qui existe entre po\u00e9sie, langage et culture. \u00c9galement, le lecteur pourra se familiariser avec la po\u00e9sie moderne en comprenant mieux ses particularit\u00e9s.<\/p>\n<p><em><a href=\"http:\/\/jnpontbriand.com\/wp-content\/uploads\/2015\/10\/Les-mots_Extrait-p56-63.pdf\" target=\"_blank\">Extrait 1 &#8211; p. 56-63 <\/a><\/em><a href=\"http:\/\/jnpontbriand.com\/wp-content\/uploads\/2015\/10\/Les-mots_Extrait-p56-63.pdf\" target=\"_blank\">(PDF, 102 ko)<\/a><br \/>\n<em> <a href=\"http:\/\/jnpontbriand.com\/wp-content\/uploads\/2015\/10\/Les-mots_Extrait-p108-115.pdf\" target=\"_blank\">Extrait 2 &#8211; p. 108-115 <\/a><\/em><a href=\"http:\/\/jnpontbriand.com\/wp-content\/uploads\/2015\/10\/Les-mots_Extrait-p108-115.pdf\" target=\"_blank\">(PDF, 102 ko)<\/a><br \/>\n<em> <a href=\"http:\/\/jnpontbriand.com\/wp-content\/uploads\/2015\/10\/Les-mots_Extrait-p172-177.pdf\" target=\"_blank\">Extrait 3 &#8211; p. 172-177 <\/a><\/em><a href=\"http:\/\/jnpontbriand.com\/wp-content\/uploads\/2015\/10\/Les-mots_Extrait-p172-177.pdf\" target=\"_blank\">(PDF, 98 ko)<\/a><\/p>\n<p>&nbsp;<\/p>\n<p>&nbsp;<\/p>\n<p>&nbsp;<\/p>\n<p><strong>Le<a href=\"http:\/\/jnpontbriand.com\/wp-content\/uploads\/2015\/08\/les_voies.jpg\"><img loading=\"lazy\" decoding=\"async\" class=\" wp-image-30 alignright\" src=\"http:\/\/jnpontbriand.com\/wp-content\/uploads\/2015\/08\/les_voies-200x300.jpg\" alt=\"les_voies\" width=\"191\" height=\"268\" \/><\/a>s voies de l&rsquo;inspiration<\/strong> | <em>Essai sur la po\u00e9sie<\/em>, 2012.\u00a0187 p.<br \/>\nISBN : 978-2-921707-28-2<\/p>\n<p><strong>R\u00e9sum\u00e9 :<\/strong>\u00a0C\u2019est \u00e0 une r\u00e9flexion sur ces ph\u00e9nom\u00e8nes propres \u00e0 toute cr\u00e9ation que Jean-No\u00ebl Pontbriand convie son lecteur. Cet essai s\u2019adresse autant au lecteur qu\u2019au cr\u00e9ateur qui sont tous deux \u00e0 la recherche de ce qui permet au langage d\u2019ouvrir une voie vers ailleurs.<\/p>\n<p><em><a href=\"http:\/\/jnpontbriand.com\/wp-content\/uploads\/2015\/10\/LES-VOIES_Extrait_19-27.pdf\" target=\"_blank\">Extrait 1 &#8211; p. 19-27 <\/a><\/em><a href=\"http:\/\/jnpontbriand.com\/wp-content\/uploads\/2015\/10\/LES-VOIES_Extrait_19-27.pdf\" target=\"_blank\">(PDF, 70k)<\/a><em><a href=\"http:\/\/jnpontbriand.com\/wp-content\/uploads\/2015\/10\/LES-VOIES_Extrait_19-27.pdf\" target=\"_blank\"><br \/>\n<\/a><a href=\"http:\/\/jnpontbriand.com\/wp-content\/uploads\/2015\/10\/LES-VOIES_Extrait_126-133.pdf\" target=\"_blank\">Extrait 2 &#8211; p. 126-133 <\/a><\/em><a href=\"http:\/\/jnpontbriand.com\/wp-content\/uploads\/2015\/10\/LES-VOIES_Extrait_126-133.pdf\" target=\"_blank\">(PDF, 66k)<\/a><\/p>\n<p>&nbsp;<\/p>\n<p>&nbsp;<\/p>\n<p>&nbsp;<\/p>\n<hr \/>\n<p>&nbsp;<\/p>\n<p><strong><a href=\"http:\/\/jnpontbriand.com\/wp-content\/uploads\/2015\/10\/E\u0301criture_expe\u0301rience.jpg\"><img loading=\"lazy\" decoding=\"async\" class=\"size-full wp-image-93 alignleft\" src=\"http:\/\/jnpontbriand.com\/wp-content\/uploads\/2015\/10\/E\u0301criture_expe\u0301rience.jpg\" alt=\"E\u0301criture_expe\u0301rience\" width=\"144\" height=\"216\" \/><\/a><\/strong><\/p>\n<p>&nbsp;<\/p>\n<p>&nbsp;<\/p>\n<p><strong>L&rsquo;\u00e9criture comme exp\u00e9rience <\/strong>| <em>Entretiens avec Michel Pleau<\/em>, 1999. Le loup de Goutti\u00e8re, 187 p., ISBN : 2-921310-95-3<\/p>\n<p><a href=\"http:\/\/jnpontbriand.com\/wp-content\/uploads\/2015\/10\/L_ecriture-comme-experience-Chap1.pdf\" target=\"_blank\"><em>Chapitre 1 &#8211; La recherche de l&rsquo;originaire<\/em> (PDF, 184k)<\/a><\/p>\n<p>&nbsp;<\/p>\n<p>&nbsp;<\/p>\n<p>&nbsp;<\/p>\n<hr \/>\n<p><strong><a href=\"http:\/\/jnpontbriand.com\/wp-content\/uploads\/2015\/10\/E\u0301crire.jpg\"><img loading=\"lazy\" decoding=\"async\" class=\"size-full wp-image-91 alignleft\" src=\"http:\/\/jnpontbriand.com\/wp-content\/uploads\/2015\/10\/E\u0301crire.jpg\" alt=\"E\u0301crire\" width=\"134\" height=\"216\" \/><\/a><\/strong><\/p>\n<p>&nbsp;<\/p>\n<p>&nbsp;<\/p>\n<p><strong>\u00c9crire <\/strong>en atelier ou ailleurs | 1992. \u00c9ditions du Noro\u00eet, 104 p., ISBN : 2-89018-253-3-95-3<br \/>\nISBN : 2-89423-035-4 (Prise de parole)<br \/>\nISBN : 2-921347-16-4 (\u00c9ditions du Bl\u00e9)<\/p>\n<p><a href=\"http:\/\/jnpontbriand.com\/wp-content\/uploads\/2015\/10\/Ecrire_en_atelier...-ou_ailleurs.pdf\" target=\"_blank\"><em>Extrait<\/em> (PDF, 324k)<\/a><\/p>\n","protected":false},"excerpt":{"rendered":"<p>Aux \u00c9ditions 8 : Les mots \u00e0 d\u00e9couvert | Essai, 2004. 227 p. ISBN 2-921707-16-0 R\u00e9sum\u00e9 :\u00a0Cet ouvrage pr\u00e9cise la relation qui existe entre po\u00e9sie, langage et culture. \u00c9galement, le lecteur pourra se familiariser avec la po\u00e9sie moderne en comprenant mieux ses particularit\u00e9s. Extrait 1 &#8211; p. 56-63 (PDF, 102&hellip; <\/p>\n","protected":false},"author":1,"featured_media":0,"parent":0,"menu_order":0,"comment_status":"closed","ping_status":"closed","template":"","meta":{"footnotes":""},"class_list":["post-16","page","type-page","status-publish","hentry"],"_links":{"self":[{"href":"https:\/\/jnpontbriand.com\/index.php\/wp-json\/wp\/v2\/pages\/16","targetHints":{"allow":["GET"]}}],"collection":[{"href":"https:\/\/jnpontbriand.com\/index.php\/wp-json\/wp\/v2\/pages"}],"about":[{"href":"https:\/\/jnpontbriand.com\/index.php\/wp-json\/wp\/v2\/types\/page"}],"author":[{"embeddable":true,"href":"https:\/\/jnpontbriand.com\/index.php\/wp-json\/wp\/v2\/users\/1"}],"replies":[{"embeddable":true,"href":"https:\/\/jnpontbriand.com\/index.php\/wp-json\/wp\/v2\/comments?post=16"}],"version-history":[{"count":53,"href":"https:\/\/jnpontbriand.com\/index.php\/wp-json\/wp\/v2\/pages\/16\/revisions"}],"predecessor-version":[{"id":203,"href":"https:\/\/jnpontbriand.com\/index.php\/wp-json\/wp\/v2\/pages\/16\/revisions\/203"}],"wp:attachment":[{"href":"https:\/\/jnpontbriand.com\/index.php\/wp-json\/wp\/v2\/media?parent=16"}],"curies":[{"name":"wp","href":"https:\/\/api.w.org\/{rel}","templated":true}]}}